{"id":15845,"date":"2022-09-08T19:00:40","date_gmt":"2022-09-09T00:00:40","guid":{"rendered":"https:\/\/healthythairecipes.com\/arroces-saludables\/"},"modified":"2023-07-04T16:03:37","modified_gmt":"2023-07-04T21:03:37","slug":"arroces-saludables","status":"publish","type":"page","link":"https:\/\/healthythairecipes.com\/es\/arroces-saludables\/","title":{"rendered":"Elegir los arroces m\u00e1s sanos"},"content":{"rendered":"<div id=\"attachment_10615\" style=\"width: 1290px\" class=\"wp-caption aligncenter\"><a href=\"https:\/\/healthythairecipes.com\/wp-content\/uploads\/2015\/07\/grains-651404_1280.jpg\" rel=\"attachment wp-att-916\"><img loading=\"lazy\" decoding=\"async\" aria-describedby=\"caption-attachment-10615\" class=\"size-full wp-image-916\" src=\"https:\/\/healthythairecipes.com\/wp-content\/uploads\/2015\/07\/grains-651404_1280.jpg\" alt=\"Granos saludables\" width=\"1280\" height=\"859\" srcset=\"https:\/\/healthythairecipes.com\/wp-content\/uploads\/2015\/07\/grains-651404_1280.jpg 1280w, https:\/\/healthythairecipes.com\/wp-content\/uploads\/2015\/07\/grains-651404_1280-300x201.jpg 300w, https:\/\/healthythairecipes.com\/wp-content\/uploads\/2015\/07\/grains-651404_1280-768x515.jpg 768w, https:\/\/healthythairecipes.com\/wp-content\/uploads\/2015\/07\/grains-651404_1280-1024x687.jpg 1024w, https:\/\/healthythairecipes.com\/wp-content\/uploads\/2015\/07\/grains-651404_1280-700x470.jpg 700w, https:\/\/healthythairecipes.com\/wp-content\/uploads\/2015\/07\/grains-651404_1280-272x182.jpg 272w\" sizes=\"(max-width: 1280px) 100vw, 1280px\" \/><\/a><p id=\"caption-attachment-10615\" class=\"wp-caption-text\">Granos saludables<\/p><\/div>\n<p>Una paradoja interesante y un error sobre la dieta asi\u00e1tica es que la gente piensa que porque la mayor\u00eda de los orientales son m\u00e1s peque\u00f1os y a menudo m\u00e1s delgados deben ser tambi\u00e9n m\u00e1s saludables.&nbsp; Mi m\u00e9dico me acaba de decir que tan importante como la delgadez de una persona es lo que come.&nbsp; Como no hemos evolucionado para comer az\u00facares simples como los que se encuentran en el arroz blanco, puede que no nos hagan engordar, pero s\u00ed estresan a nuestro p\u00e1ncreas.&nbsp; Esto hace que aumente la incidencia de la diabetes incluso en personas delgadas y que se consideran en forma.<\/p>\n<p>La buena noticia es que hay muchas opciones de arroces integrales.&nbsp; El hecho de que no est\u00e9n refinados significa que todav\u00eda existe la c\u00e1scara fibrosa que ralentiza el tiempo de digesti\u00f3n, algo as\u00ed como si recibieras tus ganancias de la loter\u00eda a lo largo del tiempo para que no te lo gastes todo de una vez o, en el caso del cuerpo, lo almacenes como grasa.&nbsp; Hay dos formas de cocinar el arroz.<\/p>\n<ol>\n<li>Con una <a href=\"http:\/\/amzn.to\/1JyQh7u\" target=\"_blank\" rel=\"noopener noreferrer\">olla arrocera<\/a>&nbsp; o Instant pot como las disponibles en Amazon.&nbsp; O simplemente hirviendo el arroz.<\/li>\n<li>Precocinados que s\u00f3lo hay que calentar para los millennials o los que tienen menos tiempo.&nbsp; S\u00e9 que hay aquellos puristas que criticar\u00edan a un blog de cocina por recomendar estas versiones r\u00e1pidas de arroz, pero el objetivo principal de este blog es facilitar la consecuci\u00f3n de una comida sana y sabrosa en un horario dif\u00edcil.&nbsp;  Me gustan para una cena r\u00e1pida y saludable con mucho color, sabor y textura.&nbsp; <a href=\"http:\/\/amzn.to\/1KkQuRh\" target=\"_blank\" rel=\"noopener noreferrer\">Fall River Wild Rice<\/a> y tambi\u00e9n compramos mucho <a href=\"http:\/\/amzn.to\/1JySxeR\" target=\"_blank\" rel=\"noopener noreferrer\">Uncle Ben's Wild Rice <\/a>y hay muchos otros no mencionados aqu\u00ed.&nbsp; Por cierto, esas marcas no nos patrocinan.<\/li>\n<li>Cocine el arroz al vapor cuando sea posible.&nbsp; La Asociaci\u00f3n Americana del Coraz\u00f3n recomienda la cocci\u00f3n al vapor en lugar de la fritura en la <a href=\"http:\/\/www.heart.org\/HEARTORG\/HealthyLiving\/HealthyEating\/DiningOut\/Tips-for-Eating-Thai-Food_UCM_308418_Article.jsp#.W46dTM5KiM8\" target=\"_blank\" rel=\"noopener noreferrer\">gu\u00eda para comer comida tailandesa<\/a>.&nbsp; Como m\u00ednimo, utilice aceites y arroces m\u00e1s saludables si fr\u00ede, y en nuestra casa nos gusta el arroz frito integral.<\/li>\n<\/ol>\n<p>&nbsp;<\/p>\n<p>Si puedes encontrar un jazm\u00edn integral, es mi favorito.&nbsp; Huele de maravilla y llena toda la casa como un incienso.&nbsp; &nbsp;Mod precocina el arroz en nuestra olla instant\u00e1nea, antes lo hac\u00eda en una olla arrocera, pero por supuesto puedes usar una olla normal.&nbsp; Solemos tener un poco de arroz precocido a mano en la nevera o en forma de bolsitas listas para comer en el microondas, como las de Uncle Ben's.&nbsp; Para esta receta utilic\u00e9 Uncle Ben's Brown and Wild y funciona muy bien.<\/p>\n<div id=\"attachment_13545\" style=\"width: 1360px\" class=\"wp-caption aligncenter\"><a href=\"https:\/\/healthythairecipes.com\/wp-content\/uploads\/2019\/02\/Instant-Pot-Thai-Whole-Grain-Coconut-Lemongrass-and-Lime-Rice.jpg\"><img loading=\"lazy\" decoding=\"async\" aria-describedby=\"caption-attachment-13545\" class=\"size-full wp-image-6741\" src=\"https:\/\/healthythairecipes.com\/wp-content\/uploads\/2019\/02\/Instant-Pot-Thai-Whole-Grain-Coconut-Lemongrass-and-Lime-Rice.jpg\" alt=\"Arroz tailand\u00e9s integral de coco, hierba de lim\u00f3n y lima en olla instant\u00e1nea\" width=\"1350\" height=\"933\" srcset=\"https:\/\/healthythairecipes.com\/wp-content\/uploads\/2019\/02\/Instant-Pot-Thai-Whole-Grain-Coconut-Lemongrass-and-Lime-Rice.jpg 1350w, https:\/\/healthythairecipes.com\/wp-content\/uploads\/2019\/02\/Instant-Pot-Thai-Whole-Grain-Coconut-Lemongrass-and-Lime-Rice-1028x710.jpg 1028w, https:\/\/healthythairecipes.com\/wp-content\/uploads\/2019\/02\/Instant-Pot-Thai-Whole-Grain-Coconut-Lemongrass-and-Lime-Rice-768x531.jpg 768w, https:\/\/healthythairecipes.com\/wp-content\/uploads\/2019\/02\/Instant-Pot-Thai-Whole-Grain-Coconut-Lemongrass-and-Lime-Rice-1024x708.jpg 1024w\" sizes=\"(max-width: 1350px) 100vw, 1350px\" \/><\/a><p id=\"caption-attachment-13545\" class=\"wp-caption-text\">Arroz tailand\u00e9s integral de coco, hierba de lim\u00f3n y lima en olla instant\u00e1nea<\/p><\/div>\n<!-- AddThis Advanced Settings generic via filter on the_content --><!-- AddThis Share Buttons generic via filter on the_content -->","protected":false},"excerpt":{"rendered":"<p>Una paradoja interesante y un error sobre la dieta asi\u00e1tica es que la gente piensa que porque la mayor\u00eda de los orientales son m\u00e1s peque\u00f1os y a menudo m\u00e1s delgados deben ser tambi\u00e9n m\u00e1s saludables.&nbsp; Mi m\u00e9dico me acaba de decir que tan importante como la delgadez de una persona es lo que come.&nbsp; Como...<\/p>\n<p><a class=\"more-link\" href=\"https:\/\/healthythairecipes.com\/es\/?post_type=wpadc&#038;p=18493\">Read More &raquo;<\/a><\/p>\n<p><!-- AddThis Advanced Settings generic via filter on get_the_excerpt --><!-- AddThis Share Buttons generic via filter on get_the_excerpt --><\/p>\n","protected":false},"author":1,"featured_media":10223,"parent":0,"menu_order":0,"comment_status":"open","ping_status":"open","template":"","meta":{"wprm-recipe-roundup-name":"","wprm-recipe-roundup-description":"","_monsterinsights_skip_tracking":false,"_monsterinsights_sitenote_active":false,"_monsterinsights_sitenote_note":"","_monsterinsights_sitenote_category":0,"_genesis_hide_title":false,"_genesis_hide_breadcrumbs":false,"_genesis_hide_singular_image":false,"_genesis_hide_footer_widgets":false,"_genesis_custom_body_class":"","_genesis_custom_post_class":"","_genesis_layout":"","footnotes":""},"yoast_head":"<!-- This site is optimized with the Yoast SEO plugin v23.5 - https:\/\/yoast.com\/wordpress\/plugins\/seo\/ -->\n<title>Arroces sanos frente a arroces insanos<\/title>\n<meta name=\"description\" content=\"A menudo se piensa que el arroz es un alimento b\u00e1sico saludable, ya que los asi\u00e1ticos suelen ser mucho m\u00e1s delgados que los occidentales, aprende qu\u00e9 arroces son saludables.\" \/>\n<meta name=\"robots\" content=\"index, follow, max-snippet:-1, max-image-preview:large, max-video-preview:-1\" \/>\n<link rel=\"canonical\" href=\"https:\/\/healthythairecipes.com\/es\/arroces-saludables\/\" \/>\n<meta property=\"og:locale\" content=\"es_ES\" \/>\n<meta property=\"og:type\" content=\"article\" \/>\n<meta property=\"og:title\" content=\"Arroces sanos frente a arroces insanos\" \/>\n<meta property=\"og:description\" content=\"A menudo se piensa que el arroz es un alimento b\u00e1sico saludable, ya que los asi\u00e1ticos suelen ser mucho m\u00e1s delgados que los occidentales, aprende qu\u00e9 arroces son saludables.\" \/>\n<meta property=\"og:url\" content=\"https:\/\/healthythairecipes.com\/es\/arroces-saludables\/\" \/>\n<meta property=\"og:site_name\" content=\"Healthy Thai Recipes\" \/>\n<meta property=\"article:publisher\" content=\"https:\/\/www.facebook.com\/healthythairecipes\/\" \/>\n<meta property=\"article:modified_time\" content=\"2023-07-04T21:03:37+00:00\" \/>\n<meta property=\"og:image\" content=\"https:\/\/healthythairecipes.com\/wp-content\/uploads\/2015\/05\/20150519_203241.gif\" \/>\n\t<meta property=\"og:image:width\" content=\"760\" \/>\n\t<meta property=\"og:image:height\" content=\"428\" \/>\n\t<meta property=\"og:image:type\" content=\"image\/gif\" \/>\n<meta name=\"twitter:card\" content=\"summary_large_image\" \/>\n<meta name=\"twitter:label1\" content=\"Tiempo de lectura\" \/>\n\t<meta name=\"twitter:data1\" content=\"3 minutos\" \/>\n<script type=\"application\/ld+json\" class=\"yoast-schema-graph\">{\"@context\":\"https:\/\/schema.org\",\"@graph\":[{\"@type\":\"WebPage\",\"@id\":\"https:\/\/healthythairecipes.com\/es\/arroces-saludables\/\",\"url\":\"https:\/\/healthythairecipes.com\/es\/arroces-saludables\/\",\"name\":\"Arroces sanos frente a arroces insanos\",\"isPartOf\":{\"@id\":\"https:\/\/healthythairecipes.com\/es\/#website\"},\"primaryImageOfPage\":{\"@id\":\"https:\/\/healthythairecipes.com\/es\/arroces-saludables\/#primaryimage\"},\"image\":{\"@id\":\"https:\/\/healthythairecipes.com\/es\/arroces-saludables\/#primaryimage\"},\"thumbnailUrl\":\"https:\/\/healthythairecipes.com\/wp-content\/uploads\/2015\/05\/20150519_203241.gif\",\"datePublished\":\"2022-09-09T00:00:40+00:00\",\"dateModified\":\"2023-07-04T21:03:37+00:00\",\"description\":\"A menudo se piensa que el arroz es un alimento b\u00e1sico saludable, ya que los asi\u00e1ticos suelen ser mucho m\u00e1s delgados que los occidentales, aprende qu\u00e9 arroces son saludables.\",\"breadcrumb\":{\"@id\":\"https:\/\/healthythairecipes.com\/es\/arroces-saludables\/#breadcrumb\"},\"inLanguage\":\"es\",\"potentialAction\":[{\"@type\":\"ReadAction\",\"target\":[\"https:\/\/healthythairecipes.com\/es\/arroces-saludables\/\"]}]},{\"@type\":\"ImageObject\",\"inLanguage\":\"es\",\"@id\":\"https:\/\/healthythairecipes.com\/es\/arroces-saludables\/#primaryimage\",\"url\":\"https:\/\/healthythairecipes.com\/wp-content\/uploads\/2015\/05\/20150519_203241.gif\",\"contentUrl\":\"https:\/\/healthythairecipes.com\/wp-content\/uploads\/2015\/05\/20150519_203241.gif\",\"width\":760,\"height\":428,\"caption\":\"Arroz frito saludable\"},{\"@type\":\"BreadcrumbList\",\"@id\":\"https:\/\/healthythairecipes.com\/es\/arroces-saludables\/#breadcrumb\",\"itemListElement\":[{\"@type\":\"ListItem\",\"position\":1,\"name\":\"Home\",\"item\":\"https:\/\/healthythairecipes.com\/es\/recetas-y-sabores-de-inspiracion-tailandesa-y-tailandesa-rehabilitados-para-ser-mas-saludables\/\"},{\"@type\":\"ListItem\",\"position\":2,\"name\":\"Elegir los arroces m\u00e1s sanos\"}]},{\"@type\":\"WebSite\",\"@id\":\"https:\/\/healthythairecipes.com\/es\/#website\",\"url\":\"https:\/\/healthythairecipes.com\/es\/\",\"name\":\"Healthy Thai Recipes\",\"description\":\"Thai Food Recipes Rehabbed to Be Healthier\",\"potentialAction\":[{\"@type\":\"SearchAction\",\"target\":{\"@type\":\"EntryPoint\",\"urlTemplate\":\"https:\/\/healthythairecipes.com\/es\/?s={search_term_string}\"},\"query-input\":{\"@type\":\"PropertyValueSpecification\",\"valueRequired\":true,\"valueName\":\"search_term_string\"}}],\"inLanguage\":\"es\"}]}<\/script>\n<!-- \/ Yoast SEO plugin. -->","yoast_head_json":{"title":"Arroces sanos frente a arroces insanos","description":"A menudo se piensa que el arroz es un alimento b\u00e1sico saludable, ya que los asi\u00e1ticos suelen ser mucho m\u00e1s delgados que los occidentales, aprende qu\u00e9 arroces son saludables.","robots":{"index":"index","follow":"follow","max-snippet":"max-snippet:-1","max-image-preview":"max-image-preview:large","max-video-preview":"max-video-preview:-1"},"canonical":"https:\/\/healthythairecipes.com\/es\/arroces-saludables\/","og_locale":"es_ES","og_type":"article","og_title":"Arroces sanos frente a arroces insanos","og_description":"A menudo se piensa que el arroz es un alimento b\u00e1sico saludable, ya que los asi\u00e1ticos suelen ser mucho m\u00e1s delgados que los occidentales, aprende qu\u00e9 arroces son saludables.","og_url":"https:\/\/healthythairecipes.com\/es\/arroces-saludables\/","og_site_name":"Healthy Thai Recipes","article_publisher":"https:\/\/www.facebook.com\/healthythairecipes\/","article_modified_time":"2023-07-04T21:03:37+00:00","og_image":[{"url":"https:\/\/healthythairecipes.com\/wp-content\/uploads\/2015\/05\/20150519_203241.gif","width":760,"height":428,"type":"image\/gif"}],"twitter_card":"summary_large_image","twitter_misc":{"Tiempo de lectura":"3 minutos"},"schema":{"@context":"https:\/\/schema.org","@graph":[{"@type":"WebPage","@id":"https:\/\/healthythairecipes.com\/es\/arroces-saludables\/","url":"https:\/\/healthythairecipes.com\/es\/arroces-saludables\/","name":"Arroces sanos frente a arroces insanos","isPartOf":{"@id":"https:\/\/healthythairecipes.com\/es\/#website"},"primaryImageOfPage":{"@id":"https:\/\/healthythairecipes.com\/es\/arroces-saludables\/#primaryimage"},"image":{"@id":"https:\/\/healthythairecipes.com\/es\/arroces-saludables\/#primaryimage"},"thumbnailUrl":"https:\/\/healthythairecipes.com\/wp-content\/uploads\/2015\/05\/20150519_203241.gif","datePublished":"2022-09-09T00:00:40+00:00","dateModified":"2023-07-04T21:03:37+00:00","description":"A menudo se piensa que el arroz es un alimento b\u00e1sico saludable, ya que los asi\u00e1ticos suelen ser mucho m\u00e1s delgados que los occidentales, aprende qu\u00e9 arroces son saludables.","breadcrumb":{"@id":"https:\/\/healthythairecipes.com\/es\/arroces-saludables\/#breadcrumb"},"inLanguage":"es","potentialAction":[{"@type":"ReadAction","target":["https:\/\/healthythairecipes.com\/es\/arroces-saludables\/"]}]},{"@type":"ImageObject","inLanguage":"es","@id":"https:\/\/healthythairecipes.com\/es\/arroces-saludables\/#primaryimage","url":"https:\/\/healthythairecipes.com\/wp-content\/uploads\/2015\/05\/20150519_203241.gif","contentUrl":"https:\/\/healthythairecipes.com\/wp-content\/uploads\/2015\/05\/20150519_203241.gif","width":760,"height":428,"caption":"Arroz frito saludable"},{"@type":"BreadcrumbList","@id":"https:\/\/healthythairecipes.com\/es\/arroces-saludables\/#breadcrumb","itemListElement":[{"@type":"ListItem","position":1,"name":"Home","item":"https:\/\/healthythairecipes.com\/es\/recetas-y-sabores-de-inspiracion-tailandesa-y-tailandesa-rehabilitados-para-ser-mas-saludables\/"},{"@type":"ListItem","position":2,"name":"Elegir los arroces m\u00e1s sanos"}]},{"@type":"WebSite","@id":"https:\/\/healthythairecipes.com\/es\/#website","url":"https:\/\/healthythairecipes.com\/es\/","name":"Healthy Thai Recipes","description":"Thai Food Recipes Rehabbed to Be Healthier","potentialAction":[{"@type":"SearchAction","target":{"@type":"EntryPoint","urlTemplate":"https:\/\/healthythairecipes.com\/es\/?s={search_term_string}"},"query-input":{"@type":"PropertyValueSpecification","valueRequired":true,"valueName":"search_term_string"}}],"inLanguage":"es"}]}},"_links":{"self":[{"href":"https:\/\/healthythairecipes.com\/es\/wp-json\/wp\/v2\/pages\/15845"}],"collection":[{"href":"https:\/\/healthythairecipes.com\/es\/wp-json\/wp\/v2\/pages"}],"about":[{"href":"https:\/\/healthythairecipes.com\/es\/wp-json\/wp\/v2\/types\/page"}],"author":[{"embeddable":true,"href":"https:\/\/healthythairecipes.com\/es\/wp-json\/wp\/v2\/users\/1"}],"replies":[{"embeddable":true,"href":"https:\/\/healthythairecipes.com\/es\/wp-json\/wp\/v2\/comments?post=15845"}],"version-history":[{"count":2,"href":"https:\/\/healthythairecipes.com\/es\/wp-json\/wp\/v2\/pages\/15845\/revisions"}],"predecessor-version":[{"id":21881,"href":"https:\/\/healthythairecipes.com\/es\/wp-json\/wp\/v2\/pages\/15845\/revisions\/21881"}],"wp:featuredmedia":[{"embeddable":true,"href":"https:\/\/healthythairecipes.com\/es\/wp-json\/wp\/v2\/media\/10223"}],"wp:attachment":[{"href":"https:\/\/healthythairecipes.com\/es\/wp-json\/wp\/v2\/media?parent=15845"}],"curies":[{"name":"wp","href":"https:\/\/api.w.org\/{rel}","templated":true}]}}