{"id":15844,"date":"2022-09-08T19:00:39","date_gmt":"2022-09-09T00:00:39","guid":{"rendered":"https:\/\/healthythairecipes.com\/como-utilizar-este-sitio-web\/"},"modified":"2022-09-08T19:00:39","modified_gmt":"2022-09-09T00:00:39","slug":"como-utilizar-este-sitio-web","status":"publish","type":"page","link":"https:\/\/healthythairecipes.com\/es\/como-utilizar-este-sitio-web\/","title":{"rendered":"C\u00f3mo utilizar este sitio web"},"content":{"rendered":"<p>C\u00f3mo utilizar este sitio web<\/p>\n<p><strong>Elecci\u00f3n de la prote\u00edna:<\/strong> Con todas estas recetas puedes, obviamente, intercambiar los ingredientes como mejor te parezca. Hemos adaptado varias recetas cl\u00e1sicas populares tailandesas para que sean m\u00e1s saludables. Puedes modificarlos a\u00fan m\u00e1s cambiando la prote\u00edna por pollo, marisco o tofu para hacerlos m\u00e1s saludables.<\/p>\n<p>Algunas de las recetas con carne de vacuno se han dejado con carne de vacuno para no quitarles demasiado su esp\u00edritu original, pero siempre utilizamos la carne de vacuno m\u00e1s magra posible y siempre se puede intercambiar la prote\u00edna.<a href=\"https:\/\/healthythairecipes.com\/wp-content\/uploads\/2014\/10\/dp_002.jpg\"><img loading=\"lazy\" decoding=\"async\" data-skip-lazy class=\"wp-image-105 alignleft\" src=\"https:\/\/healthythairecipes.com\/wp-content\/uploads\/2014\/10\/dp_002.jpg\" alt=\"C\u00c1MARA DIGITAL OLYMPUS\" width=\"251\" height=\"312\"><\/a><\/p>\n<p><strong>Comprar ingredientes dif\u00edciles de encontrar: <\/strong> Encontrar\u00e1s una lista de ingredientes disponibles en amazon.com en el lado derecho y comprar en amazon ayuda a apoyar nuestro sitio.<\/p>\n<p>Algunos de los productos, como las espinacas de agua dulce o la hierba de lim\u00f3n, s\u00f3lo pueden encontrarse en los mercados de estilo asi\u00e1tico que hay en la mayor\u00eda de las grandes ciudades del mundo.<\/p>\n<p><strong>Sin gluten: <\/strong>Si necesita una dieta sin gluten, la comida tailandesa es la adecuada para usted. La mayor\u00eda de las recetas, si no todas, son sin gluten, pero como siempre, comprueba los ingredientes. Nunca se puede estar seguro, ya que constantemente aparecen en el mercado nuevos ingredientes o productos.<\/p>\n<!-- AddThis Advanced Settings generic via filter on the_content --><!-- AddThis Share Buttons generic via filter on the_content -->","protected":false},"excerpt":{"rendered":"<p>C\u00f3mo utilizar este sitio web Elecci\u00f3n de la prote\u00edna: Con todas estas recetas puedes, obviamente, intercambiar los ingredientes como mejor te parezca. Hemos adaptado varias recetas cl\u00e1sicas populares tailandesas para que sean m\u00e1s saludables. Puedes modificarlos a\u00fan m\u00e1s cambiando la prote\u00edna por pollo, marisco o tofu para hacerlos m\u00e1s saludables. Algunas de las recetas con...<\/p>\n<p><a class=\"more-link\" href=\"https:\/\/healthythairecipes.com\/es\/?post_type=wpadc&#038;p=18493\">Read More &raquo;<\/a><\/p>\n<p><!-- AddThis Advanced Settings generic via filter on get_the_excerpt --><!-- AddThis Share Buttons generic via filter on get_the_excerpt --><\/p>\n","protected":false},"author":1,"featured_media":10163,"parent":0,"menu_order":0,"comment_status":"open","ping_status":"open","template":"","meta":{"wprm-recipe-roundup-name":"","wprm-recipe-roundup-description":"","_monsterinsights_skip_tracking":false,"_monsterinsights_sitenote_active":false,"_monsterinsights_sitenote_note":"","_monsterinsights_sitenote_category":0,"_genesis_hide_title":false,"_genesis_hide_breadcrumbs":false,"_genesis_hide_singular_image":false,"_genesis_hide_footer_widgets":false,"_genesis_custom_body_class":"","_genesis_custom_post_class":"","_genesis_layout":"","footnotes":""},"yoast_head":"<!-- This site is optimized with the Yoast SEO plugin v23.5 - https:\/\/yoast.com\/wordpress\/plugins\/seo\/ -->\n<title>C\u00f3mo utilizar este sitio web-Recetas tailandesas saludables<\/title>\n<meta name=\"description\" content=\"C\u00f3mo utilizar este sitio web-Recetas tailandesas saludables\" \/>\n<meta name=\"robots\" content=\"index, follow, max-snippet:-1, max-image-preview:large, max-video-preview:-1\" \/>\n<link rel=\"canonical\" href=\"https:\/\/healthythairecipes.com\/es\/como-utilizar-este-sitio-web\/\" \/>\n<meta property=\"og:locale\" content=\"es_ES\" \/>\n<meta property=\"og:type\" content=\"article\" \/>\n<meta property=\"og:title\" content=\"C\u00f3mo utilizar este sitio web-Recetas tailandesas saludables\" \/>\n<meta property=\"og:description\" content=\"C\u00f3mo utilizar este sitio web-Recetas tailandesas saludables\" \/>\n<meta property=\"og:url\" content=\"https:\/\/healthythairecipes.com\/es\/como-utilizar-este-sitio-web\/\" \/>\n<meta property=\"og:site_name\" content=\"Healthy Thai Recipes\" \/>\n<meta property=\"article:publisher\" content=\"https:\/\/www.facebook.com\/healthythairecipes\/\" \/>\n<meta property=\"og:image\" content=\"https:\/\/healthythairecipes.com\/wp-content\/uploads\/2014\/10\/dp_002-e1431917455239.jpg\" \/>\n\t<meta property=\"og:image:width\" content=\"250\" \/>\n\t<meta property=\"og:image:height\" content=\"313\" \/>\n\t<meta property=\"og:image:type\" content=\"image\/jpeg\" \/>\n<meta name=\"twitter:card\" content=\"summary_large_image\" \/>\n<meta name=\"twitter:label1\" content=\"Tiempo de lectura\" \/>\n\t<meta name=\"twitter:data1\" content=\"1 minuto\" \/>\n<script type=\"application\/ld+json\" class=\"yoast-schema-graph\">{\"@context\":\"https:\/\/schema.org\",\"@graph\":[{\"@type\":\"WebPage\",\"@id\":\"https:\/\/healthythairecipes.com\/es\/como-utilizar-este-sitio-web\/\",\"url\":\"https:\/\/healthythairecipes.com\/es\/como-utilizar-este-sitio-web\/\",\"name\":\"C\u00f3mo utilizar este sitio web-Recetas tailandesas saludables\",\"isPartOf\":{\"@id\":\"https:\/\/healthythairecipes.com\/es\/#website\"},\"primaryImageOfPage\":{\"@id\":\"https:\/\/healthythairecipes.com\/es\/como-utilizar-este-sitio-web\/#primaryimage\"},\"image\":{\"@id\":\"https:\/\/healthythairecipes.com\/es\/como-utilizar-este-sitio-web\/#primaryimage\"},\"thumbnailUrl\":\"https:\/\/healthythairecipes.com\/wp-content\/uploads\/2014\/10\/dp_002-e1431917455239.jpg\",\"datePublished\":\"2022-09-09T00:00:39+00:00\",\"dateModified\":\"2022-09-09T00:00:39+00:00\",\"description\":\"C\u00f3mo utilizar este sitio web-Recetas tailandesas saludables\",\"breadcrumb\":{\"@id\":\"https:\/\/healthythairecipes.com\/es\/como-utilizar-este-sitio-web\/#breadcrumb\"},\"inLanguage\":\"es\",\"potentialAction\":[{\"@type\":\"ReadAction\",\"target\":[\"https:\/\/healthythairecipes.com\/es\/como-utilizar-este-sitio-web\/\"]}]},{\"@type\":\"ImageObject\",\"inLanguage\":\"es\",\"@id\":\"https:\/\/healthythairecipes.com\/es\/como-utilizar-este-sitio-web\/#primaryimage\",\"url\":\"https:\/\/healthythairecipes.com\/wp-content\/uploads\/2014\/10\/dp_002-e1431917455239.jpg\",\"contentUrl\":\"https:\/\/healthythairecipes.com\/wp-content\/uploads\/2014\/10\/dp_002-e1431917455239.jpg\",\"width\":250,\"height\":313,\"caption\":\"C\u00f3mo utilizar este sitio web\"},{\"@type\":\"BreadcrumbList\",\"@id\":\"https:\/\/healthythairecipes.com\/es\/como-utilizar-este-sitio-web\/#breadcrumb\",\"itemListElement\":[{\"@type\":\"ListItem\",\"position\":1,\"name\":\"Home\",\"item\":\"https:\/\/healthythairecipes.com\/es\/recetas-y-sabores-de-inspiracion-tailandesa-y-tailandesa-rehabilitados-para-ser-mas-saludables\/\"},{\"@type\":\"ListItem\",\"position\":2,\"name\":\"C\u00f3mo utilizar este sitio web\"}]},{\"@type\":\"WebSite\",\"@id\":\"https:\/\/healthythairecipes.com\/es\/#website\",\"url\":\"https:\/\/healthythairecipes.com\/es\/\",\"name\":\"Healthy Thai Recipes\",\"description\":\"Thai Food Recipes Rehabbed to Be Healthier\",\"potentialAction\":[{\"@type\":\"SearchAction\",\"target\":{\"@type\":\"EntryPoint\",\"urlTemplate\":\"https:\/\/healthythairecipes.com\/es\/?s={search_term_string}\"},\"query-input\":{\"@type\":\"PropertyValueSpecification\",\"valueRequired\":true,\"valueName\":\"search_term_string\"}}],\"inLanguage\":\"es\"}]}<\/script>\n<!-- \/ Yoast SEO plugin. -->","yoast_head_json":{"title":"C\u00f3mo utilizar este sitio web-Recetas tailandesas saludables","description":"C\u00f3mo utilizar este sitio web-Recetas tailandesas saludables","robots":{"index":"index","follow":"follow","max-snippet":"max-snippet:-1","max-image-preview":"max-image-preview:large","max-video-preview":"max-video-preview:-1"},"canonical":"https:\/\/healthythairecipes.com\/es\/como-utilizar-este-sitio-web\/","og_locale":"es_ES","og_type":"article","og_title":"C\u00f3mo utilizar este sitio web-Recetas tailandesas saludables","og_description":"C\u00f3mo utilizar este sitio web-Recetas tailandesas saludables","og_url":"https:\/\/healthythairecipes.com\/es\/como-utilizar-este-sitio-web\/","og_site_name":"Healthy Thai Recipes","article_publisher":"https:\/\/www.facebook.com\/healthythairecipes\/","og_image":[{"width":250,"height":313,"url":"https:\/\/healthythairecipes.com\/wp-content\/uploads\/2014\/10\/dp_002-e1431917455239.jpg","type":"image\/jpeg"}],"twitter_card":"summary_large_image","twitter_misc":{"Tiempo de lectura":"1 minuto"},"schema":{"@context":"https:\/\/schema.org","@graph":[{"@type":"WebPage","@id":"https:\/\/healthythairecipes.com\/es\/como-utilizar-este-sitio-web\/","url":"https:\/\/healthythairecipes.com\/es\/como-utilizar-este-sitio-web\/","name":"C\u00f3mo utilizar este sitio web-Recetas tailandesas saludables","isPartOf":{"@id":"https:\/\/healthythairecipes.com\/es\/#website"},"primaryImageOfPage":{"@id":"https:\/\/healthythairecipes.com\/es\/como-utilizar-este-sitio-web\/#primaryimage"},"image":{"@id":"https:\/\/healthythairecipes.com\/es\/como-utilizar-este-sitio-web\/#primaryimage"},"thumbnailUrl":"https:\/\/healthythairecipes.com\/wp-content\/uploads\/2014\/10\/dp_002-e1431917455239.jpg","datePublished":"2022-09-09T00:00:39+00:00","dateModified":"2022-09-09T00:00:39+00:00","description":"C\u00f3mo utilizar este sitio web-Recetas tailandesas saludables","breadcrumb":{"@id":"https:\/\/healthythairecipes.com\/es\/como-utilizar-este-sitio-web\/#breadcrumb"},"inLanguage":"es","potentialAction":[{"@type":"ReadAction","target":["https:\/\/healthythairecipes.com\/es\/como-utilizar-este-sitio-web\/"]}]},{"@type":"ImageObject","inLanguage":"es","@id":"https:\/\/healthythairecipes.com\/es\/como-utilizar-este-sitio-web\/#primaryimage","url":"https:\/\/healthythairecipes.com\/wp-content\/uploads\/2014\/10\/dp_002-e1431917455239.jpg","contentUrl":"https:\/\/healthythairecipes.com\/wp-content\/uploads\/2014\/10\/dp_002-e1431917455239.jpg","width":250,"height":313,"caption":"C\u00f3mo utilizar este sitio web"},{"@type":"BreadcrumbList","@id":"https:\/\/healthythairecipes.com\/es\/como-utilizar-este-sitio-web\/#breadcrumb","itemListElement":[{"@type":"ListItem","position":1,"name":"Home","item":"https:\/\/healthythairecipes.com\/es\/recetas-y-sabores-de-inspiracion-tailandesa-y-tailandesa-rehabilitados-para-ser-mas-saludables\/"},{"@type":"ListItem","position":2,"name":"C\u00f3mo utilizar este sitio web"}]},{"@type":"WebSite","@id":"https:\/\/healthythairecipes.com\/es\/#website","url":"https:\/\/healthythairecipes.com\/es\/","name":"Healthy Thai Recipes","description":"Thai Food Recipes Rehabbed to Be Healthier","potentialAction":[{"@type":"SearchAction","target":{"@type":"EntryPoint","urlTemplate":"https:\/\/healthythairecipes.com\/es\/?s={search_term_string}"},"query-input":{"@type":"PropertyValueSpecification","valueRequired":true,"valueName":"search_term_string"}}],"inLanguage":"es"}]}},"_links":{"self":[{"href":"https:\/\/healthythairecipes.com\/es\/wp-json\/wp\/v2\/pages\/15844"}],"collection":[{"href":"https:\/\/healthythairecipes.com\/es\/wp-json\/wp\/v2\/pages"}],"about":[{"href":"https:\/\/healthythairecipes.com\/es\/wp-json\/wp\/v2\/types\/page"}],"author":[{"embeddable":true,"href":"https:\/\/healthythairecipes.com\/es\/wp-json\/wp\/v2\/users\/1"}],"replies":[{"embeddable":true,"href":"https:\/\/healthythairecipes.com\/es\/wp-json\/wp\/v2\/comments?post=15844"}],"version-history":[{"count":0,"href":"https:\/\/healthythairecipes.com\/es\/wp-json\/wp\/v2\/pages\/15844\/revisions"}],"wp:featuredmedia":[{"embeddable":true,"href":"https:\/\/healthythairecipes.com\/es\/wp-json\/wp\/v2\/media\/10163"}],"wp:attachment":[{"href":"https:\/\/healthythairecipes.com\/es\/wp-json\/wp\/v2\/media?parent=15844"}],"curies":[{"name":"wp","href":"https:\/\/api.w.org\/{rel}","templated":true}]}}